{"id":26913,"date":"2026-04-18T08:34:27","date_gmt":"2026-04-18T06:34:27","guid":{"rendered":"https:\/\/www.obacha-heimerdingen.de\/franklin\/?page_id=26913"},"modified":"2026-04-20T10:46:37","modified_gmt":"2026-04-20T08:46:37","slug":"entstehungsgeschichte","status":"publish","type":"page","link":"https:\/\/www.obacha-heimerdingen.de\/franklin\/entstehungsgeschichte\/","title":{"rendered":"Entstehungsgeschichte"},"content":{"rendered":"\n<p>Im sch\u00f6nen Strohg\u00e4u liegt die kleine Glemsgaugemeinde Heimerdingen. <br>Im schw\u00e4bischen Heimerdingen gab es im fr\u00fchen Mittelalter vier Vogtsh\u00f6fe: Burghof, Schafhof, Spitalhof und Widdumhof. <br>Diese waren zur damaligen Zeit unverzichtbar f\u00fcr das t\u00e4gliche Leben. <br>Die Vogtsh\u00f6fe besa\u00dfen Badestuben, Backh\u00e4user und Keltern. <br><br>Da es im schw\u00e4bischen zu dieser Zeit \u00fcblich war sich haupts\u00e4chlich von Mehlspeisen zu ern\u00e4hren, <br>spielten die Backh\u00e4user eine wichtige Rolle. <br>Sie stellten das \u201et\u00e4gliche Brot\u201c sicher und waren zugleich ein zentraler Treffpunkt der Bev\u00f6lkerung.<br><br>In den Jahren 1596\/1597 w\u00fctete seit Jahrhunderten erstmals wieder die Pest in Heimerdingen, <br>der Ort hatte nun etwa 500 Einwohner. <br>In den f\u00fcnf Monaten vom 10. September 1596 bis zum 25. Februar 1597 starben 101 Menschen. <br>Eine Generation sp\u00e4ter hatte sich der Ort wieder erholt. <br>Doch nun kamen zwei neue Ereignisse zusammen, die f\u00fcr mehr als die H\u00e4lfte der Einwohner den Tod bedeuteten: <br>Der drei\u00dfigj\u00e4hrige Krieg und abermals die Pest. <br>Gerade in dieser Zeit waren die Backh\u00e4user besonders wichtig. <br>Die Bev\u00f6lkerung sowie die durchziehenden Heere mussten versorgt werden. <br><br>Der 1. Weltkrieg und der folgende Zusammenbruch der Volkswirtschaft bedeuteten ein gro\u00dfes Schockerlebnis. <br>Die Heimerdinger Rathausglocke musste f\u00fcr \u201eZwecke des Krieges\u201c abgeben werden. <br>Der Gemeinderat beschloss 1919 die Anschaffung einer neuen Glocke mit der Inschrift \u201eL\u00e4ute bald bessere Zeiten ein\u201c. <br>Beim ersten l\u00e4uten der neuen Glocke loderte das Feuer im Backhaus wieder auf. <br>Die vielen zu Tode gekommenen Landfrauen erstiegen in Gestalt eines Geistes aus diesem Feuer um das Notleiden zu beenden. <br>Sie sorgten wie in fr\u00fcheren Zeiten f\u00fcr das \u201et\u00e4gliche Brot\u201c. <br><br><strong>Die Bachhausgoischder waren geboren.<\/strong><\/p>\n\n\n\n<p><\/p>\n","protected":false},"excerpt":{"rendered":"<p>Im sch\u00f6nen Strohg\u00e4u liegt die kleine Glemsgaugemeinde Heimerdingen. Im schw\u00e4bischen Heimerdingen gab es im fr\u00fchen Mittelalter vier Vogtsh\u00f6fe: Burghof, Schafhof, Spitalhof und Widdumhof. Diese waren zur damaligen Zeit unverzichtbar f\u00fcr das t\u00e4gliche Leben. Die Vogtsh\u00f6fe besa\u00dfen Badestuben, Backh\u00e4user und Keltern. Da es im schw\u00e4bischen zu dieser Zeit \u00fcblich war sich haupts\u00e4chlich von Mehlspeisen zu ern\u00e4hren, [&hellip;]<\/p>\n","protected":false},"author":2,"featured_media":0,"parent":0,"menu_order":0,"comment_status":"closed","ping_status":"closed","template":"","meta":{"_uag_custom_page_level_css":"","site-sidebar-layout":"default","site-content-layout":"","ast-site-content-layout":"default","site-content-style":"default","site-sidebar-style":"default","ast-global-header-display":"","ast-banner-title-visibility":"","ast-main-header-display":"","ast-hfb-above-header-display":"","ast-hfb-below-header-display":"","ast-hfb-mobile-header-display":"","site-post-title":"","ast-breadcrumbs-content":"","ast-featured-img":"","footer-sml-layout":"","ast-disable-related-posts":"","theme-transparent-header-meta":"","adv-header-id-meta":"","stick-header-meta":"","header-above-stick-meta":"","header-main-stick-meta":"","header-below-stick-meta":"","astra-migrate-meta-layouts":"set","ast-page-background-enabled":"default","ast-page-background-meta":{"desktop":{"background-color":"var(--ast-global-color-4)","background-image":"","background-repeat":"repeat","background-position":"center center","background-size":"auto","background-attachment":"scroll","background-type":"","background-media":"","overlay-type":"","overlay-color":"","overlay-opacity":"","overlay-gradient":""},"tablet":{"background-color":"","background-image":"","background-repeat":"repeat","background-position":"center center","background-size":"auto","background-attachment":"scroll","background-type":"","background-media":"","overlay-type":"","overlay-color":"","overlay-opacity":"","overlay-gradient":""},"mobile":{"background-color":"","background-image":"","background-repeat":"repeat","background-position":"center center","background-size":"auto","background-attachment":"scroll","background-type":"","background-media":"","overlay-type":"","overlay-color":"","overlay-opacity":"","overlay-gradient":""}},"ast-content-background-meta":{"desktop":{"background-color":"var(--ast-global-color-5)","background-image":"","background-repeat":"repeat","background-position":"center center","background-size":"auto","background-attachment":"scroll","background-type":"","background-media":"","overlay-type":"","overlay-color":"","overlay-opacity":"","overlay-gradient":""},"tablet":{"background-color":"var(--ast-global-color-5)","background-image":"","background-repeat":"repeat","background-position":"center center","background-size":"auto","background-attachment":"scroll","background-type":"","background-media":"","overlay-type":"","overlay-color":"","overlay-opacity":"","overlay-gradient":""},"mobile":{"background-color":"var(--ast-global-color-5)","background-image":"","background-repeat":"repeat","background-position":"center center","background-size":"auto","background-attachment":"scroll","background-type":"","background-media":"","overlay-type":"","overlay-color":"","overlay-opacity":"","overlay-gradient":""}},"footnotes":""},"class_list":["post-26913","page","type-page","status-publish","hentry"],"uagb_featured_image_src":{"full":false,"thumbnail":false,"medium":false,"medium_large":false,"large":false,"1536x1536":false,"2048x2048":false},"uagb_author_info":{"display_name":"Friedrich Blum","author_link":"https:\/\/www.obacha-heimerdingen.de\/franklin\/author\/frieder\/"},"uagb_comment_info":0,"uagb_excerpt":"Im sch\u00f6nen Strohg\u00e4u liegt die kleine Glemsgaugemeinde Heimerdingen. Im schw\u00e4bischen Heimerdingen gab es im fr\u00fchen Mittelalter vier Vogtsh\u00f6fe: Burghof, Schafhof, Spitalhof und Widdumhof. Diese waren zur damaligen Zeit unverzichtbar f\u00fcr das t\u00e4gliche Leben. Die Vogtsh\u00f6fe besa\u00dfen Badestuben, Backh\u00e4user und Keltern. Da es im schw\u00e4bischen zu dieser Zeit \u00fcblich war sich haupts\u00e4chlich von Mehlspeisen zu ern\u00e4hren,&hellip;","_links":{"self":[{"href":"https:\/\/www.obacha-heimerdingen.de\/franklin\/wp-json\/wp\/v2\/pages\/26913","targetHints":{"allow":["GET"]}}],"collection":[{"href":"https:\/\/www.obacha-heimerdingen.de\/franklin\/wp-json\/wp\/v2\/pages"}],"about":[{"href":"https:\/\/www.obacha-heimerdingen.de\/franklin\/wp-json\/wp\/v2\/types\/page"}],"author":[{"embeddable":true,"href":"https:\/\/www.obacha-heimerdingen.de\/franklin\/wp-json\/wp\/v2\/users\/2"}],"replies":[{"embeddable":true,"href":"https:\/\/www.obacha-heimerdingen.de\/franklin\/wp-json\/wp\/v2\/comments?post=26913"}],"version-history":[{"count":2,"href":"https:\/\/www.obacha-heimerdingen.de\/franklin\/wp-json\/wp\/v2\/pages\/26913\/revisions"}],"predecessor-version":[{"id":26970,"href":"https:\/\/www.obacha-heimerdingen.de\/franklin\/wp-json\/wp\/v2\/pages\/26913\/revisions\/26970"}],"wp:attachment":[{"href":"https:\/\/www.obacha-heimerdingen.de\/franklin\/wp-json\/wp\/v2\/media?parent=26913"}],"curies":[{"name":"wp","href":"https:\/\/api.w.org\/{rel}","templated":true}]}}