{"id":26650,"date":"2026-04-15T18:13:55","date_gmt":"2026-04-15T16:13:55","guid":{"rendered":"https:\/\/www.obacha-heimerdingen.de\/franklin\/?page_id=26650"},"modified":"2026-04-27T09:37:28","modified_gmt":"2026-04-27T07:37:28","slug":"magic-muffins","status":"publish","type":"page","link":"https:\/\/www.obacha-heimerdingen.de\/franklin\/magic-muffins\/","title":{"rendered":"Die Magic Muffins"},"content":{"rendered":"\n\n\n\n\n\n\n<p>sind eine Showtanzgruppe der Hoamerdenger Narra Obacha<strong>.<\/strong> <br>Bei den Faschingsveranstaltungen pr\u00e4sentieren sie jedes Jahr ihren aktuellen Showtanz. <br>Sonntags hei\u00dft es f\u00fcr sie dann: \u201eAb zum Umzug!\u201c <br>Dort ziehen sie gut gelaunt durch die Stra\u00dfen und begeistern das Publikum mit kleinen Showeinlagen.<\/p>\n\n\n\n<div class=\"wp-block-columns is-layout-flex wp-container-core-columns-is-layout-28f84493 wp-block-columns-is-layout-flex\">\n<div class=\"wp-block-column is-layout-flow wp-block-column-is-layout-flow\">\n<figure class=\"wp-block-image size-large\"><a href=\"https:\/\/www.obacha-heimerdingen.de\/franklin\/wp-content\/uploads\/2026\/04\/IMG-20260419-WA0005.jpg\"><img loading=\"lazy\" decoding=\"async\" width=\"787\" height=\"1024\" src=\"https:\/\/www.obacha-heimerdingen.de\/franklin\/wp-content\/uploads\/2026\/04\/IMG-20260419-WA0005-787x1024.jpg\" alt=\"img 20260419 wa0005\" class=\"wp-image-26935\" title=\"Die Magic Muffins\" srcset=\"https:\/\/www.obacha-heimerdingen.de\/franklin\/wp-content\/uploads\/2026\/04\/IMG-20260419-WA0005-787x1024.jpg 787w, https:\/\/www.obacha-heimerdingen.de\/franklin\/wp-content\/uploads\/2026\/04\/IMG-20260419-WA0005-231x300.jpg 231w, https:\/\/www.obacha-heimerdingen.de\/franklin\/wp-content\/uploads\/2026\/04\/IMG-20260419-WA0005-768x999.jpg 768w, https:\/\/www.obacha-heimerdingen.de\/franklin\/wp-content\/uploads\/2026\/04\/IMG-20260419-WA0005-1181x1536.jpg 1181w, https:\/\/www.obacha-heimerdingen.de\/franklin\/wp-content\/uploads\/2026\/04\/IMG-20260419-WA0005.jpg 1230w\" sizes=\"auto, (max-width: 787px) 100vw, 787px\" \/><\/a><\/figure>\n<\/div>\n\n\n\n<div class=\"wp-block-column is-layout-flow wp-block-column-is-layout-flow\">\n<figure class=\"wp-block-image size-large\"><a href=\"https:\/\/www.obacha-heimerdingen.de\/franklin\/wp-content\/uploads\/2026\/04\/IMG-20260419-WA0009-1.jpg\"><img loading=\"lazy\" decoding=\"async\" width=\"785\" height=\"1024\" src=\"https:\/\/www.obacha-heimerdingen.de\/franklin\/wp-content\/uploads\/2026\/04\/IMG-20260419-WA0009-1-785x1024.jpg\" alt=\"img 20260419 wa0009\" class=\"wp-image-26940\" title=\"Die Magic Muffins\" srcset=\"https:\/\/www.obacha-heimerdingen.de\/franklin\/wp-content\/uploads\/2026\/04\/IMG-20260419-WA0009-1-785x1024.jpg 785w, https:\/\/www.obacha-heimerdingen.de\/franklin\/wp-content\/uploads\/2026\/04\/IMG-20260419-WA0009-1-230x300.jpg 230w, https:\/\/www.obacha-heimerdingen.de\/franklin\/wp-content\/uploads\/2026\/04\/IMG-20260419-WA0009-1-768x1001.jpg 768w, https:\/\/www.obacha-heimerdingen.de\/franklin\/wp-content\/uploads\/2026\/04\/IMG-20260419-WA0009-1-1178x1536.jpg 1178w, https:\/\/www.obacha-heimerdingen.de\/franklin\/wp-content\/uploads\/2026\/04\/IMG-20260419-WA0009-1.jpg 1227w\" sizes=\"auto, (max-width: 785px) 100vw, 785px\" \/><\/a><\/figure>\n<\/div>\n<\/div>\n\n\n\n<div class=\"wp-block-columns is-layout-flex wp-container-core-columns-is-layout-28f84493 wp-block-columns-is-layout-flex\">\n<div class=\"wp-block-column is-layout-flow wp-block-column-is-layout-flow\">\n<figure class=\"wp-block-image size-large\"><a href=\"https:\/\/www.obacha-heimerdingen.de\/franklin\/wp-content\/uploads\/2026\/04\/IMG-20260419-WA0008-1.jpg\"><img loading=\"lazy\" decoding=\"async\" width=\"968\" height=\"1024\" src=\"https:\/\/www.obacha-heimerdingen.de\/franklin\/wp-content\/uploads\/2026\/04\/IMG-20260419-WA0008-1-968x1024.jpg\" alt=\"img 20260419 wa0008\" class=\"wp-image-27354\" title=\"Die Magic Muffins\" srcset=\"https:\/\/www.obacha-heimerdingen.de\/franklin\/wp-content\/uploads\/2026\/04\/IMG-20260419-WA0008-1-968x1024.jpg 968w, https:\/\/www.obacha-heimerdingen.de\/franklin\/wp-content\/uploads\/2026\/04\/IMG-20260419-WA0008-1-284x300.jpg 284w, https:\/\/www.obacha-heimerdingen.de\/franklin\/wp-content\/uploads\/2026\/04\/IMG-20260419-WA0008-1-768x813.jpg 768w, https:\/\/www.obacha-heimerdingen.de\/franklin\/wp-content\/uploads\/2026\/04\/IMG-20260419-WA0008-1.jpg 1290w\" sizes=\"auto, (max-width: 968px) 100vw, 968px\" \/><\/a><\/figure>\n<\/div>\n\n\n\n<div class=\"wp-block-column is-layout-flow wp-block-column-is-layout-flow\">\n<figure class=\"wp-block-image size-large\"><a href=\"https:\/\/www.obacha-heimerdingen.de\/franklin\/wp-content\/uploads\/2026\/04\/IMG-20260419-WA0006-1.jpg\"><img loading=\"lazy\" decoding=\"async\" width=\"1024\" height=\"630\" src=\"https:\/\/www.obacha-heimerdingen.de\/franklin\/wp-content\/uploads\/2026\/04\/IMG-20260419-WA0006-1-1024x630.jpg\" alt=\"img 20260419 wa0006\" class=\"wp-image-27355\" title=\"Die Magic Muffins\" srcset=\"https:\/\/www.obacha-heimerdingen.de\/franklin\/wp-content\/uploads\/2026\/04\/IMG-20260419-WA0006-1-1024x630.jpg 1024w, https:\/\/www.obacha-heimerdingen.de\/franklin\/wp-content\/uploads\/2026\/04\/IMG-20260419-WA0006-1-300x185.jpg 300w, https:\/\/www.obacha-heimerdingen.de\/franklin\/wp-content\/uploads\/2026\/04\/IMG-20260419-WA0006-1-768x473.jpg 768w, https:\/\/www.obacha-heimerdingen.de\/franklin\/wp-content\/uploads\/2026\/04\/IMG-20260419-WA0006-1.jpg 1290w\" sizes=\"auto, (max-width: 1024px) 100vw, 1024px\" \/><\/a><\/figure>\n<\/div>\n<\/div>\n\n\n\n<h4 class=\"wp-block-heading\">&#x1f4cc; Facts<\/h4>\n\n\n\n<ul class=\"wp-block-list\">\n<li><strong>Alter:<\/strong> 13\u201399 Jahre<\/li>\n\n\n\n<li><strong>Training:<\/strong> mittwochs 18.45 &#8211; 20.45 Uhr (Festhalle Heimerdingen) und freitags 19.00 &#8211; 21.00 Uhr (Sporthalle Heimerdingen)<\/li>\n\n\n\n<li><strong>Voraussetzungen:<\/strong> Von Anf\u00e4nger bis Profi \u2013 alle sind willkommen<\/li>\n\n\n\n<li><strong>Auftritte pro Kampagne:<\/strong> ca. 10-15<\/li>\n\n\n\n<li><strong>Umz\u00fcge:<\/strong> ca. 5<br><\/li>\n<\/ul>\n\n\n\n<h4 class=\"wp-block-heading\">&#x1f483; Training<\/h4>\n\n\n\n<p>Mit viel Engagement und Spa\u00df entwerfen unsere Trainerinnen jedes Jahr einen neuen Tanz. Das Training besteht aus:<\/p>\n\n\n\n<ul class=\"wp-block-list\">\n<li>Warm-up<\/li>\n\n\n\n<li>Dehn- und Kraft\u00fcbungen<\/li>\n\n\n\n<li>Erlernen der neuen Schritte f\u00fcr den aktuellen Showtanz<br><\/li>\n<\/ul>\n\n\n\n<p>Unsere bisherigen Showt\u00e4nze handelten bereits von Themen wie <strong>Piraten<\/strong>, <strong>St\u00e4dtetrip<\/strong>, <strong>Formel 1<\/strong>, <strong>Casino<\/strong> und vielen weiteren.<\/p>\n\n\n\n<h4 class=\"wp-block-heading\">&#x1f31f; Mitmachen<\/h4>\n\n\n\n<p>Wer Spa\u00df am Tanzen hat oder es einfach einmal ausprobieren m\u00f6chte, kann sich gerne bei uns melden und ein paar Mal unverbindlich am Probetraining teilnehmen.<\/p>\n\n\n\n<p>Wir freuen uns immer \u00fcber neue Mitglieder \u2013 jeder ist herzlich willkommen!<\/p>\n\n\n\n<h4 class=\"wp-block-heading\">&#x1f465; Trainerinnen<\/h4>\n\n\n\n<ul class=\"wp-block-list\">\n<li>Amrei Lenz<\/li>\n\n\n\n<li>Charlotte N\u00e4ther<\/li>\n<\/ul>\n\n\n\n<p><\/p>\n\n\n\n<h4 class=\"wp-block-heading\">&#x1f4de; Kontakt<\/h4>\n\n\n\n<p>Yvonne Riffert <br>Telefon: 0174 \/ 24 88 186 <br>E-Mail: <a>info@obacha-heimerdingen.de<\/a><\/p>\n","protected":false},"excerpt":{"rendered":"<p>sind eine Showtanzgruppe der Hoamerdenger Narra Obacha. Bei den Faschingsveranstaltungen pr\u00e4sentieren sie jedes Jahr ihren aktuellen Showtanz. Sonntags hei\u00dft es f\u00fcr sie dann: \u201eAb zum Umzug!\u201c Dort ziehen sie gut gelaunt durch die Stra\u00dfen und begeistern das Publikum mit kleinen Showeinlagen. &#x1f4cc; Facts &#x1f483; Training Mit viel Engagement und Spa\u00df entwerfen unsere Trainerinnen jedes Jahr [&hellip;]<\/p>\n","protected":false},"author":2,"featured_media":0,"parent":0,"menu_order":0,"comment_status":"closed","ping_status":"closed","template":"","meta":{"_uag_custom_page_level_css":"","site-sidebar-layout":"default","site-content-layout":"","ast-site-content-layout":"default","site-content-style":"default","site-sidebar-style":"default","ast-global-header-display":"","ast-banner-title-visibility":"","ast-main-header-display":"","ast-hfb-above-header-display":"","ast-hfb-below-header-display":"","ast-hfb-mobile-header-display":"","site-post-title":"","ast-breadcrumbs-content":"","ast-featured-img":"","footer-sml-layout":"","ast-disable-related-posts":"","theme-transparent-header-meta":"","adv-header-id-meta":"","stick-header-meta":"","header-above-stick-meta":"","header-main-stick-meta":"","header-below-stick-meta":"","astra-migrate-meta-layouts":"set","ast-page-background-enabled":"default","ast-page-background-meta":{"desktop":{"background-color":"var(--ast-global-color-4)","background-image":"","background-repeat":"repeat","background-position":"center center","background-size":"auto","background-attachment":"scroll","background-type":"","background-media":"","overlay-type":"","overlay-color":"","overlay-opacity":"","overlay-gradient":""},"tablet":{"background-color":"","background-image":"","background-repeat":"repeat","background-position":"center center","background-size":"auto","background-attachment":"scroll","background-type":"","background-media":"","overlay-type":"","overlay-color":"","overlay-opacity":"","overlay-gradient":""},"mobile":{"background-color":"","background-image":"","background-repeat":"repeat","background-position":"center center","background-size":"auto","background-attachment":"scroll","background-type":"","background-media":"","overlay-type":"","overlay-color":"","overlay-opacity":"","overlay-gradient":""}},"ast-content-background-meta":{"desktop":{"background-color":"var(--ast-global-color-5)","background-image":"","background-repeat":"repeat","background-position":"center center","background-size":"auto","background-attachment":"scroll","background-type":"","background-media":"","overlay-type":"","overlay-color":"","overlay-opacity":"","overlay-gradient":""},"tablet":{"background-color":"var(--ast-global-color-5)","background-image":"","background-repeat":"repeat","background-position":"center center","background-size":"auto","background-attachment":"scroll","background-type":"","background-media":"","overlay-type":"","overlay-color":"","overlay-opacity":"","overlay-gradient":""},"mobile":{"background-color":"var(--ast-global-color-5)","background-image":"","background-repeat":"repeat","background-position":"center center","background-size":"auto","background-attachment":"scroll","background-type":"","background-media":"","overlay-type":"","overlay-color":"","overlay-opacity":"","overlay-gradient":""}},"footnotes":""},"class_list":["post-26650","page","type-page","status-publish","hentry"],"uagb_featured_image_src":{"full":false,"thumbnail":false,"medium":false,"medium_large":false,"large":false,"1536x1536":false,"2048x2048":false},"uagb_author_info":{"display_name":"Friedrich Blum","author_link":"https:\/\/www.obacha-heimerdingen.de\/franklin\/author\/frieder\/"},"uagb_comment_info":0,"uagb_excerpt":"sind eine Showtanzgruppe der Hoamerdenger Narra Obacha. Bei den Faschingsveranstaltungen pr\u00e4sentieren sie jedes Jahr ihren aktuellen Showtanz. Sonntags hei\u00dft es f\u00fcr sie dann: \u201eAb zum Umzug!\u201c Dort ziehen sie gut gelaunt durch die Stra\u00dfen und begeistern das Publikum mit kleinen Showeinlagen. &#x1f4cc; Facts &#x1f483; Training Mit viel Engagement und Spa\u00df entwerfen unsere Trainerinnen jedes Jahr&hellip;","_links":{"self":[{"href":"https:\/\/www.obacha-heimerdingen.de\/franklin\/wp-json\/wp\/v2\/pages\/26650","targetHints":{"allow":["GET"]}}],"collection":[{"href":"https:\/\/www.obacha-heimerdingen.de\/franklin\/wp-json\/wp\/v2\/pages"}],"about":[{"href":"https:\/\/www.obacha-heimerdingen.de\/franklin\/wp-json\/wp\/v2\/types\/page"}],"author":[{"embeddable":true,"href":"https:\/\/www.obacha-heimerdingen.de\/franklin\/wp-json\/wp\/v2\/users\/2"}],"replies":[{"embeddable":true,"href":"https:\/\/www.obacha-heimerdingen.de\/franklin\/wp-json\/wp\/v2\/comments?post=26650"}],"version-history":[{"count":7,"href":"https:\/\/www.obacha-heimerdingen.de\/franklin\/wp-json\/wp\/v2\/pages\/26650\/revisions"}],"predecessor-version":[{"id":27356,"href":"https:\/\/www.obacha-heimerdingen.de\/franklin\/wp-json\/wp\/v2\/pages\/26650\/revisions\/27356"}],"wp:attachment":[{"href":"https:\/\/www.obacha-heimerdingen.de\/franklin\/wp-json\/wp\/v2\/media?parent=26650"}],"curies":[{"name":"wp","href":"https:\/\/api.w.org\/{rel}","templated":true}]}}