{"id":26572,"date":"2026-04-14T13:50:39","date_gmt":"2026-04-14T11:50:39","guid":{"rendered":"https:\/\/www.obacha-heimerdingen.de\/franklin\/?page_id=26572"},"modified":"2026-04-22T16:42:52","modified_gmt":"2026-04-22T14:42:52","slug":"26572-2","status":"publish","type":"page","link":"https:\/\/www.obacha-heimerdingen.de\/franklin\/26572-2\/","title":{"rendered":"\u00dcber uns"},"content":{"rendered":"\n\n\n\n\n\n\n\n\n\n\n<div class=\"wp-block-uagb-image alignwide uagb-block-da3c30cd wp-block-uagb-image--layout-default wp-block-uagb-image--effect-static wp-block-uagb-image--align-wide\"><figure class=\"wp-block-uagb-image__figure\"><a class=\"\" href=\"https:\/\/www.obacha-heimerdingen.de\/franklin\/wp-content\/uploads\/2026\/04\/IMG-20260118-WA0047-2.jpg\" target=\"\" rel=\"noopener\"><img decoding=\"async\" srcset=\"https:\/\/www.obacha-heimerdingen.de\/franklin\/wp-content\/uploads\/2026\/04\/IMG-20260118-WA0047-2-1024x768.jpg ,https:\/\/www.obacha-heimerdingen.de\/franklin\/wp-content\/uploads\/2026\/04\/IMG-20260118-WA0047-2.jpg 780w, https:\/\/www.obacha-heimerdingen.de\/franklin\/wp-content\/uploads\/2026\/04\/IMG-20260118-WA0047-2.jpg 360w\" sizes=\"auto, (max-width: 480px) 150px\" src=\"https:\/\/www.obacha-heimerdingen.de\/franklin\/wp-content\/uploads\/2026\/04\/IMG-20260118-WA0047-2-1024x768.jpg\" alt=\"img 20260118 wa0047\" class=\"uag-image-26785\" width=\"1024\" height=\"768\" title=\"img 20260118 wa0047\" loading=\"lazy\" role=\"img\"\/><\/a><\/figure><\/div>\n\n\n\n<p class=\"has-text-align-left\"><strong>d&#8216; Hoamerdenger Narra OBACHA. <br><\/strong><\/p>\n\n\n\n<p>\u201eDas wird nie was\u201c, \u201ewir geben euch ein Jahr\u201c, \u201ein Heimerdingen funktioniert sowas nicht\u201c<br>\u2026. Lauter S\u00e4tze, die Hans-J\u00f6rg Knobelspies 1983 immer wieder von unserem Hauptverein <br>TSV Heimerdingen und den Bewohnern unseres Dorfes h\u00f6ren musste. <br>Doch eins war damals schon klar: Hans-J\u00f6rg Knobelspies blieb stur. <br>Mit seiner offenen und bestimmenden Art hatten er und sein damaliger Freund es geschafft, <br>in Heimerdingen einen inzwischen 44 Jahren alten Fasnetsverein zu gr\u00fcnden: <br><br><strong>d\u00b4Hoamerdenger Narra OBACHA<\/strong><\/p>\n\n\n\n<p>Die Hoamerdenger Narra Obacha stellen in erster Linie die einfachen Bauersleute von fr\u00fcher in ihren <strong>Blaukitteln<\/strong> dar.<\/p>\n\n\n\n<p>Unser Symbol ist das historische Backhaus in Heimerdingen. <br>In diesem treiben auch die <strong>Bachhausgoischd\u00b4r<\/strong> so manchen Unfug. <br>Allerdings haben die Bachhausgoischd\u00b4r auch damals, den armen von der Pest geplagten Menschen geholfen, <br>ihr Brot im Backhaus zu backen.<\/p>\n\n\n\n<p>Im Laufe der Zeit kam ein weiteres H\u00e4s hinzu: <br><br>die <strong>Backh\u00e4usle<\/strong>. <br><br>Diese stellen unser Symbol, das Backhaus dar<\/p>\n\n\n\n<p>Doch bei Obacha geht es auch nicht ohne Tanz. <br>Bei uns wird Showtanz ganz gro\u00dfgeschrieben. <br>Von ganz klein, unseren Kr\u00fcmel \u00fcber die Kn\u00e4usla, zu den Magic Muffins. <br>Aber auch unsere M\u00e4nner haben ihren Spa\u00df im M\u00e4nnerballett.<\/p>\n\n\n\n<p>Alle Tanzgruppen sind viel in der Kampagne unterwegs und pr\u00e4sentieren ihre tollen Showt\u00e4nze.<\/p>\n\n\n\n<p>Mit unserem <strong>gro\u00dfem Umzugswagen<\/strong>, auf dem das Backhaus symbolisiert wird, sind wir ein Hingucker bei den Faschingsumz\u00fcgen.<\/p>\n\n\n\n<p>Unsere beliebte <strong>Faschingsparty<\/strong> und unser <strong>Kinderfasching<\/strong> sind ein Highlight in Heimerdingen und dem Strohg\u00e4u.<\/p>\n\n\n\n<p>Heute haben wir 101 Mitglieder und sind sehr stolz auf unsere erreichten 44 Jahre!<\/p>\n\n\n\n<h4 class=\"wp-block-heading\">&#x1f4cc; Facts<\/h4>\n\n\n\n<ul class=\"wp-block-list\">\n<li><strong>Alter:<\/strong> 3\u201399 Jahre<\/li>\n\n\n\n<li><strong>Voraussetzungen:<\/strong> alle sind willkommen <\/li>\n\n\n\n<li><strong>Umz\u00fcge:<\/strong> ca. 5-10<br><\/li>\n<\/ul>\n\n\n\n<h4 class=\"wp-block-heading\">&#x1f31f; Mitmachen<\/h4>\n\n\n\n<p>Wir freuen uns immer \u00fcber neue Mitglieder \u2013 jeder ist herzlich willkommen!<\/p>\n\n\n\n<h4 class=\"wp-block-heading\">&#x1f4de; Kontakt<\/h4>\n\n\n\n<p>Yvonne Riffert <br>Telefon: 0174 \/ 24 88 186 <br>E-Mail: <a>info@obacha-heimerdingen.de<\/a><\/p>\n\n\n\n<p><\/p>\n","protected":false},"excerpt":{"rendered":"<p>d&#8216; Hoamerdenger Narra OBACHA. \u201eDas wird nie was\u201c, \u201ewir geben euch ein Jahr\u201c, \u201ein Heimerdingen funktioniert sowas nicht\u201c\u2026. Lauter S\u00e4tze, die Hans-J\u00f6rg Knobelspies 1983 immer wieder von unserem Hauptverein TSV Heimerdingen und den Bewohnern unseres Dorfes h\u00f6ren musste. Doch eins war damals schon klar: Hans-J\u00f6rg Knobelspies blieb stur. Mit seiner offenen und bestimmenden Art hatten [&hellip;]<\/p>\n","protected":false},"author":2,"featured_media":0,"parent":0,"menu_order":0,"comment_status":"closed","ping_status":"closed","template":"","meta":{"_uag_custom_page_level_css":"","site-sidebar-layout":"default","site-content-layout":"","ast-site-content-layout":"default","site-content-style":"default","site-sidebar-style":"default","ast-global-header-display":"","ast-banner-title-visibility":"","ast-main-header-display":"","ast-hfb-above-header-display":"","ast-hfb-below-header-display":"","ast-hfb-mobile-header-display":"","site-post-title":"","ast-breadcrumbs-content":"","ast-featured-img":"","footer-sml-layout":"","ast-disable-related-posts":"","theme-transparent-header-meta":"","adv-header-id-meta":"","stick-header-meta":"","header-above-stick-meta":"","header-main-stick-meta":"","header-below-stick-meta":"","astra-migrate-meta-layouts":"set","ast-page-background-enabled":"default","ast-page-background-meta":{"desktop":{"background-color":"var(--ast-global-color-4)","background-image":"","background-repeat":"repeat","background-position":"center center","background-size":"auto","background-attachment":"scroll","background-type":"","background-media":"","overlay-type":"","overlay-color":"","overlay-opacity":"","overlay-gradient":""},"tablet":{"background-color":"","background-image":"","background-repeat":"repeat","background-position":"center center","background-size":"auto","background-attachment":"scroll","background-type":"","background-media":"","overlay-type":"","overlay-color":"","overlay-opacity":"","overlay-gradient":""},"mobile":{"background-color":"","background-image":"","background-repeat":"repeat","background-position":"center center","background-size":"auto","background-attachment":"scroll","background-type":"","background-media":"","overlay-type":"","overlay-color":"","overlay-opacity":"","overlay-gradient":""}},"ast-content-background-meta":{"desktop":{"background-color":"var(--ast-global-color-5)","background-image":"","background-repeat":"repeat","background-position":"center center","background-size":"auto","background-attachment":"scroll","background-type":"","background-media":"","overlay-type":"","overlay-color":"","overlay-opacity":"","overlay-gradient":""},"tablet":{"background-color":"var(--ast-global-color-5)","background-image":"","background-repeat":"repeat","background-position":"center center","background-size":"auto","background-attachment":"scroll","background-type":"","background-media":"","overlay-type":"","overlay-color":"","overlay-opacity":"","overlay-gradient":""},"mobile":{"background-color":"var(--ast-global-color-5)","background-image":"","background-repeat":"repeat","background-position":"center center","background-size":"auto","background-attachment":"scroll","background-type":"","background-media":"","overlay-type":"","overlay-color":"","overlay-opacity":"","overlay-gradient":""}},"footnotes":""},"class_list":["post-26572","page","type-page","status-publish","hentry"],"uagb_featured_image_src":{"full":false,"thumbnail":false,"medium":false,"medium_large":false,"large":false,"1536x1536":false,"2048x2048":false},"uagb_author_info":{"display_name":"Friedrich Blum","author_link":"https:\/\/www.obacha-heimerdingen.de\/franklin\/author\/frieder\/"},"uagb_comment_info":0,"uagb_excerpt":"d&#8216; Hoamerdenger Narra OBACHA. \u201eDas wird nie was\u201c, \u201ewir geben euch ein Jahr\u201c, \u201ein Heimerdingen funktioniert sowas nicht\u201c\u2026. Lauter S\u00e4tze, die Hans-J\u00f6rg Knobelspies 1983 immer wieder von unserem Hauptverein TSV Heimerdingen und den Bewohnern unseres Dorfes h\u00f6ren musste. Doch eins war damals schon klar: Hans-J\u00f6rg Knobelspies blieb stur. Mit seiner offenen und bestimmenden Art hatten&hellip;","_links":{"self":[{"href":"https:\/\/www.obacha-heimerdingen.de\/franklin\/wp-json\/wp\/v2\/pages\/26572","targetHints":{"allow":["GET"]}}],"collection":[{"href":"https:\/\/www.obacha-heimerdingen.de\/franklin\/wp-json\/wp\/v2\/pages"}],"about":[{"href":"https:\/\/www.obacha-heimerdingen.de\/franklin\/wp-json\/wp\/v2\/types\/page"}],"author":[{"embeddable":true,"href":"https:\/\/www.obacha-heimerdingen.de\/franklin\/wp-json\/wp\/v2\/users\/2"}],"replies":[{"embeddable":true,"href":"https:\/\/www.obacha-heimerdingen.de\/franklin\/wp-json\/wp\/v2\/comments?post=26572"}],"version-history":[{"count":9,"href":"https:\/\/www.obacha-heimerdingen.de\/franklin\/wp-json\/wp\/v2\/pages\/26572\/revisions"}],"predecessor-version":[{"id":27171,"href":"https:\/\/www.obacha-heimerdingen.de\/franklin\/wp-json\/wp\/v2\/pages\/26572\/revisions\/27171"}],"wp:attachment":[{"href":"https:\/\/www.obacha-heimerdingen.de\/franklin\/wp-json\/wp\/v2\/media?parent=26572"}],"curies":[{"name":"wp","href":"https:\/\/api.w.org\/{rel}","templated":true}]}}